{"id":100,"date":"2016-01-03T17:09:43","date_gmt":"2016-01-03T16:09:43","guid":{"rendered":"http:\/\/geno-typing.ch\/wordpress\/?page_id=100"},"modified":"2026-02-08T15:10:16","modified_gmt":"2026-02-08T14:10:16","slug":"termine","status":"publish","type":"page","link":"https:\/\/geno-typing.ch\/wordpress\/index.php\/termine\/","title":{"rendered":"Events"},"content":{"rendered":"<h2><strong>SWAMI Geno-Typing 2026<\/strong><\/h2>\n<h3>Workshop SWAMI Geno-Typing 2026<br \/>mit Kennenlernen,\u00a0 Aus-und Weiterbildung<\/h3>\n<p><strong>Wo\u00a0<\/strong>\u00dcberlingen-Nussdorf (Bodensee)<br \/><strong>Datum:\u00a0 <\/strong>12-14. Juni 2026 <strong>Freitag<\/strong>nachmittag: (Infos f\u00fcr Jedermann),<br \/><strong>Samstag<\/strong>:\u00a0 \u00a0SWAMI im Detail und <strong>Sonntag:<\/strong>\u00a0 Supplemente und Test<br \/><strong>Anmeldung:<\/strong> RABS-MedTec Birgit Stegmaier <a href=\"mailto:info@geno-4typ.de\">info@geno-4typ.de<\/a><br \/>Heilpraktikerin Anette L\u00f6w <a href=\"mailto:anette.loew@gmail.com\">anette.loew@gmail.com<\/a><br \/>Karl Rietmann M-IfHI <a href=\"mailto:karl.rietmann@bluewin.ch\">karl.rietmann@bluewin.ch<\/a><br \/>Themen: <em>Ver\u00e4ndere Dein genetisches Schicksal<br \/><\/em>Datenaufnahme deiner k\u00f6rperlichen Markern<br \/>und Verarbeiten mit dem <a href=\"https:\/\/geno-typing.ch\/wordpress\/index.php\/2019\/04\/05\/blog-2018-swami-bietet-mehr\/\">SWAMI<\/a> Geno-Typing System.\u00a0<br \/>Zusammen mit TEM-Daten f\u00fcr optimierte <br \/>personalisierte Ern\u00e4hrung\/Medizin.<\/p>\n<h2>\u00a0<\/h2>\n<h2>Workshop 2026 <a href=\"https:\/\/geno-typing.ch\/wordpress\/wp-content\/uploads\/2026\/01\/Workshop-Programm-Stand-Januar-2026-1.pdf\">Programm<\/a>\u00a0<\/h2>\n<h4>Schwerpunkte nach den Erl\u00e4uterungen von <br \/><em>Dr. Peter <a href=\"https:\/\/geno-typing.ch\/wordpress\/index.php\/dr-peter-dadamo-lifetime-achievement-award\/\">D\u2019Adamo<\/a> Lifetime Achievement Award<\/em><\/h4>\n<p>\u00a0Physiologische und pathologische Glyk\u00e4mie<br \/>Lektine: Proteine \u200b\u200bmit einer Vorliebe f\u00fcr S\u00fc\u00dfes<br \/>Bedeutung der ABO-Blutgruppen au\u00dferhalb von Bluttransfusionen<\/p>\n<p>\u00a0<\/p>\n<h2><strong>SWAMI Geno-Typing Ausbildung<\/strong><\/h2>\n<p>f\u00fcr individuell Interessierte, laufend durch<br \/>NutriGenomics\/Epigenetics CH 9100 Herisau<br \/>Auf Wunsch auch teilweise im Fernkurs m\u00f6glich<br \/>Kontakt: <a href=\"mailto:info@geno-typing.ch\">info@geno-typing.ch<br \/><\/a>oder Direkt bei Karl B. Rietmann<br \/><a href=\"mailto:karl.rietmann@bluewin.ch\">karl.rietmann@bluewin.ch<\/a><br \/>+41 71 351 23 39<\/p>\n<h2>\u00a0<\/h2>\n<h2><strong>Weitergehende<\/strong> <a href=\"https:\/\/geno-typing.ch\/wordpress\/wp-content\/uploads\/2018\/11\/Information-SWAMI-Geno-Typing.pdf\">Informationen<\/a><\/h2>\n\n\n<p><\/p>\n","protected":false},"excerpt":{"rendered":"<p>SWAMI Geno-Typing 2026 Workshop SWAMI Geno-Typing 2026mit Kennenlernen,\u00a0 Aus-und Weiterbildung Wo\u00a0\u00dcberlingen-Nussdorf (Bodensee)Datum:\u00a0 12-14. Juni 2026 Freitagnachmittag: (Infos f\u00fcr Jedermann),Samstag:\u00a0 \u00a0SWAMI im Detail und Sonntag:\u00a0 Supplemente und TestAnmeldung: RABS-MedTec Birgit Stegmaier info@geno-4typ.deHeilpraktikerin Anette L\u00f6w anette.loew@gmail.comKarl Rietmann M-IfHI karl.rietmann@bluewin.chThemen: Ver\u00e4ndere Dein genetisches SchicksalDatenaufnahme deiner k\u00f6rperlichen Markernund Verarbeiten mit dem SWAMI Geno-Typing System.\u00a0Zusammen mit TEM-Daten f\u00fcr optimierte personalisierte &hellip; <a href=\"https:\/\/geno-typing.ch\/wordpress\/index.php\/termine\/\" class=\"more-link\"><span class=\"screen-reader-text\">Events<\/span> weiterlesen <span class=\"meta-nav\">&rarr;<\/span><\/a><\/p>\n","protected":false},"author":1,"featured_media":0,"parent":0,"menu_order":0,"comment_status":"closed","ping_status":"closed","template":"","meta":{"footnotes":""},"class_list":["post-100","page","type-page","status-publish","hentry"],"_links":{"self":[{"href":"https:\/\/geno-typing.ch\/wordpress\/index.php\/wp-json\/wp\/v2\/pages\/100","targetHints":{"allow":["GET"]}}],"collection":[{"href":"https:\/\/geno-typing.ch\/wordpress\/index.php\/wp-json\/wp\/v2\/pages"}],"about":[{"href":"https:\/\/geno-typing.ch\/wordpress\/index.php\/wp-json\/wp\/v2\/types\/page"}],"author":[{"embeddable":true,"href":"https:\/\/geno-typing.ch\/wordpress\/index.php\/wp-json\/wp\/v2\/users\/1"}],"replies":[{"embeddable":true,"href":"https:\/\/geno-typing.ch\/wordpress\/index.php\/wp-json\/wp\/v2\/comments?post=100"}],"version-history":[{"count":98,"href":"https:\/\/geno-typing.ch\/wordpress\/index.php\/wp-json\/wp\/v2\/pages\/100\/revisions"}],"predecessor-version":[{"id":736,"href":"https:\/\/geno-typing.ch\/wordpress\/index.php\/wp-json\/wp\/v2\/pages\/100\/revisions\/736"}],"wp:attachment":[{"href":"https:\/\/geno-typing.ch\/wordpress\/index.php\/wp-json\/wp\/v2\/media?parent=100"}],"curies":[{"name":"wp","href":"https:\/\/api.w.org\/{rel}","templated":true}]}}