{"id":103,"date":"2016-01-03T17:10:57","date_gmt":"2016-01-03T16:10:57","guid":{"rendered":"http:\/\/geno-typing.ch\/wordpress\/?page_id=103"},"modified":"2020-01-24T21:37:56","modified_gmt":"2020-01-24T20:37:56","slug":"webinare","status":"publish","type":"page","link":"https:\/\/geno-typing.ch\/wordpress\/index.php\/webinare\/","title":{"rendered":"Bluttyp und Gesundheit"},"content":{"rendered":"<p>Personalisierte und Individualisierte Ern\u00e4hrung: <strong>Was Dein Bluttyp f\u00fcr Deine Gesundheit bedeutet<\/strong><\/p>\n<p>Dr. Peter J. D&#8217;Adamo pr\u00e4sentierte Ende Juli 2015 das erste Webinar f\u00fcr die Natur\u00e4rzte Vereinigung (AANMC) in den USA. Warum und Weshalb wir auf Gluten und Nahrungsmittel-Lektine je nach Blut-Typen anders reagieren.<\/p>\n<p><iframe loading=\"lazy\" src=\"https:\/\/www.youtube.com\/embed\/wK_I_tbgNiM\" width=\"560\" height=\"315\" frameborder=\"0\" allowfullscreen=\"allowfullscreen\"><\/iframe><\/p>\n<p>Originalversion mit deutschen Untertiteln:<br \/>\nWas Dein Bluttyp f\u00fcr Deine Gesundheit bedeutet<\/p>\n<p><iframe loading=\"lazy\" src=\"https:\/\/www.youtube.com\/embed\/ia3cNVJq_8Y\" width=\"560\" height=\"315\" frameborder=\"0\" allowfullscreen=\"allowfullscreen\"><\/iframe><\/p>\n<p>Originalversion in Englisch:<br \/>\nPersonalized Nutrition: What Your Blood Type Means f\u00fcr Your Health<\/p>\n<p><iframe loading=\"lazy\" src=\"https:\/\/www.youtube.com\/embed\/mCBb90BJH3k?t=3m20s\" width=\"560\" height=\"315\" frameborder=\"0\" allowfullscreen=\"allowfullscreen\"><\/iframe><\/p>\n","protected":false},"excerpt":{"rendered":"<p>Personalisierte und Individualisierte Ern\u00e4hrung: Was Dein Bluttyp f\u00fcr Deine Gesundheit bedeutet Dr. Peter J. D&#8217;Adamo pr\u00e4sentierte Ende Juli 2015 das erste Webinar f\u00fcr die Natur\u00e4rzte Vereinigung (AANMC) in den USA. Warum und Weshalb wir auf Gluten und Nahrungsmittel-Lektine je nach Blut-Typen anders reagieren. Originalversion mit deutschen Untertiteln: Was Dein Bluttyp f\u00fcr Deine Gesundheit bedeutet Originalversion &hellip; <a href=\"https:\/\/geno-typing.ch\/wordpress\/index.php\/webinare\/\" class=\"more-link\"><span class=\"screen-reader-text\">Bluttyp und Gesundheit<\/span> weiterlesen <span class=\"meta-nav\">&rarr;<\/span><\/a><\/p>\n","protected":false},"author":1,"featured_media":0,"parent":0,"menu_order":0,"comment_status":"closed","ping_status":"closed","template":"","meta":{"footnotes":""},"class_list":["post-103","page","type-page","status-publish","hentry"],"_links":{"self":[{"href":"https:\/\/geno-typing.ch\/wordpress\/index.php\/wp-json\/wp\/v2\/pages\/103","targetHints":{"allow":["GET"]}}],"collection":[{"href":"https:\/\/geno-typing.ch\/wordpress\/index.php\/wp-json\/wp\/v2\/pages"}],"about":[{"href":"https:\/\/geno-typing.ch\/wordpress\/index.php\/wp-json\/wp\/v2\/types\/page"}],"author":[{"embeddable":true,"href":"https:\/\/geno-typing.ch\/wordpress\/index.php\/wp-json\/wp\/v2\/users\/1"}],"replies":[{"embeddable":true,"href":"https:\/\/geno-typing.ch\/wordpress\/index.php\/wp-json\/wp\/v2\/comments?post=103"}],"version-history":[{"count":6,"href":"https:\/\/geno-typing.ch\/wordpress\/index.php\/wp-json\/wp\/v2\/pages\/103\/revisions"}],"predecessor-version":[{"id":397,"href":"https:\/\/geno-typing.ch\/wordpress\/index.php\/wp-json\/wp\/v2\/pages\/103\/revisions\/397"}],"wp:attachment":[{"href":"https:\/\/geno-typing.ch\/wordpress\/index.php\/wp-json\/wp\/v2\/media?parent=103"}],"curies":[{"name":"wp","href":"https:\/\/api.w.org\/{rel}","templated":true}]}}