{"id":156,"date":"2017-05-14T20:15:37","date_gmt":"2017-05-14T18:15:37","guid":{"rendered":"http:\/\/geno-typing.ch\/wordpress\/?page_id=156"},"modified":"2017-05-14T20:15:37","modified_gmt":"2017-05-14T18:15:37","slug":"definition","status":"publish","type":"page","link":"https:\/\/geno-typing.ch\/wordpress\/index.php\/definition\/","title":{"rendered":"Definition"},"content":{"rendered":"<p><strong>SWAMI<\/strong> &#8211; <strong><u>S<\/u>erotyping <u>W<\/u>ith <u>A<\/u>dvanced <u>M<\/u>odifying <u>I<\/u>nfluences<\/strong><\/p>\n<p>MIFHI Copyright\u00a9 2007-2014 Epigenetic Archetypes, LLC<\/p>\n<p><strong><em>SWAMI GenoType<\/em><\/strong><strong>\u00a9<\/strong> ist ein hoch entwickeltes Computer-Software-System von Dr. Peter J. D&#8217;Adamo. Er und sein gro\u00dfes IfHI-Team haben die <strong><em>SWAMI GenoType<\/em><\/strong><strong>\u00a9<\/strong> <strong>Software<\/strong> geschrieben. Diese n\u00fctzt die k\u00fcnstlicher Intelligenz und Leistungsf\u00e4higkeit von Computern, die systemrelevant mit extremer Pr\u00e4zision und Geschwindigkeit einen ma\u00dfgeschneiderten und einzigartigen <strong>One-of-Art Ern\u00e4hrungsplan, <\/strong>abgestimmt auf jeden Einzelnen, gestaltet.<\/p>\n<p>Ihr Stoffwechseltyp <strong>(GenoTyp)<\/strong> steht bei der Geburt fest.<br \/>\nIhr Erscheinungsbild (Ph\u00e4notyp) das sie jetzt zeigen ist das genetisch\/epigenetische Resultat des Genotypen (Erb-Bild), das sie von Vater und Mutter erhalten haben,<br \/>\n<strong>und den<\/strong> <strong>Umwelteinfl\u00fcssen seit der Zeugung<\/strong>.<br \/>\nIhr <strong>personalisierter Ern\u00e4hrungsplan<\/strong> wird auf der Grundlage ihrer Bluttypen, der Fingerabdr\u00fccke, medizinischer Vorgeschichte, vielen weiteren biometrischer Daten und \u00fcber neunzig anderen Variablen erarbeitet.<\/p>\n<p><strong>8-ung:<\/strong> Der Begriff Geno<strong><u>T<\/u><\/strong>yp (mit dem gro\u00dfen <strong><u>T<\/u><\/strong>) bezeichnet den <strong>Stoffwechseltypen.<br \/>\n<\/strong>Das Software-Programm <strong><em>SWAMI GenoType<\/em><\/strong><strong>\u00a9<\/strong> ist nur einem bestimmten Personenkreis zug\u00e4nglich. F\u00fcr die Bestimmung der <strong>GenoTypen <\/strong>und die Erstellung des Handbuches bedarf es einem Fachwissen. Fachkurse werden auch in deutscher Sprache angeboten.<\/p>\n","protected":false},"excerpt":{"rendered":"<p>SWAMI &#8211; Serotyping With Advanced Modifying Influences MIFHI Copyright\u00a9 2007-2014 Epigenetic Archetypes, LLC SWAMI GenoType\u00a9 ist ein hoch entwickeltes Computer-Software-System von Dr. Peter J. D&#8217;Adamo. Er und sein gro\u00dfes IfHI-Team haben die SWAMI GenoType\u00a9 Software geschrieben. Diese n\u00fctzt die k\u00fcnstlicher Intelligenz und Leistungsf\u00e4higkeit von Computern, die systemrelevant mit extremer Pr\u00e4zision und Geschwindigkeit einen ma\u00dfgeschneiderten und &hellip; <a href=\"https:\/\/geno-typing.ch\/wordpress\/index.php\/definition\/\" class=\"more-link\"><span class=\"screen-reader-text\">Definition<\/span> weiterlesen <span class=\"meta-nav\">&rarr;<\/span><\/a><\/p>\n","protected":false},"author":1,"featured_media":0,"parent":0,"menu_order":0,"comment_status":"closed","ping_status":"closed","template":"","meta":{"footnotes":""},"class_list":["post-156","page","type-page","status-publish","hentry"],"_links":{"self":[{"href":"https:\/\/geno-typing.ch\/wordpress\/index.php\/wp-json\/wp\/v2\/pages\/156","targetHints":{"allow":["GET"]}}],"collection":[{"href":"https:\/\/geno-typing.ch\/wordpress\/index.php\/wp-json\/wp\/v2\/pages"}],"about":[{"href":"https:\/\/geno-typing.ch\/wordpress\/index.php\/wp-json\/wp\/v2\/types\/page"}],"author":[{"embeddable":true,"href":"https:\/\/geno-typing.ch\/wordpress\/index.php\/wp-json\/wp\/v2\/users\/1"}],"replies":[{"embeddable":true,"href":"https:\/\/geno-typing.ch\/wordpress\/index.php\/wp-json\/wp\/v2\/comments?post=156"}],"version-history":[{"count":2,"href":"https:\/\/geno-typing.ch\/wordpress\/index.php\/wp-json\/wp\/v2\/pages\/156\/revisions"}],"predecessor-version":[{"id":158,"href":"https:\/\/geno-typing.ch\/wordpress\/index.php\/wp-json\/wp\/v2\/pages\/156\/revisions\/158"}],"wp:attachment":[{"href":"https:\/\/geno-typing.ch\/wordpress\/index.php\/wp-json\/wp\/v2\/media?parent=156"}],"curies":[{"name":"wp","href":"https:\/\/api.w.org\/{rel}","templated":true}]}}