{"id":160,"date":"2017-05-14T20:21:32","date_gmt":"2017-05-14T18:21:32","guid":{"rendered":"http:\/\/geno-typing.ch\/wordpress\/?page_id=160"},"modified":"2018-11-04T08:48:44","modified_gmt":"2018-11-04T07:48:44","slug":"buecher","status":"publish","type":"page","link":"https:\/\/geno-typing.ch\/wordpress\/index.php\/buecher\/","title":{"rendered":"B\u00fccher"},"content":{"rendered":"<p>Deutsche Erstausgabe von <strong>Ver\u00e4ndere Dein genetisches Schicksal<\/strong><br \/>\nAb sofort im Buchhandel und bei Therapeuten erh\u00e4ltlich<\/p>\n<p><a href=\"https:\/\/geno-typing.ch\/wordpress\/wp-content\/uploads\/2016\/01\/adamobuchtitel.png\"><img loading=\"lazy\" decoding=\"async\" class=\"alignnone size-medium wp-image-131\" src=\"https:\/\/geno-typing.ch\/wordpress\/wp-content\/uploads\/2016\/01\/adamobuchtitel-209x300.png\" alt=\"adamobuchtitel\" width=\"209\" height=\"300\" srcset=\"https:\/\/geno-typing.ch\/wordpress\/wp-content\/uploads\/2016\/01\/adamobuchtitel-209x300.png 209w, https:\/\/geno-typing.ch\/wordpress\/wp-content\/uploads\/2016\/01\/adamobuchtitel.png 563w\" sizes=\"auto, (max-width: 209px) 100vw, 209px\" \/><\/a> <a href=\"https:\/\/geno-typing.ch\/wordpress\/wp-content\/uploads\/2016\/01\/adamobuchrueck.png\"><img loading=\"lazy\" decoding=\"async\" class=\"alignnone size-medium wp-image-130\" src=\"https:\/\/geno-typing.ch\/wordpress\/wp-content\/uploads\/2016\/01\/adamobuchrueck-207x300.png\" alt=\"adamobuchrueck\" width=\"207\" height=\"300\" srcset=\"https:\/\/geno-typing.ch\/wordpress\/wp-content\/uploads\/2016\/01\/adamobuchrueck-207x300.png 207w, https:\/\/geno-typing.ch\/wordpress\/wp-content\/uploads\/2016\/01\/adamobuchrueck.png 557w\" sizes=\"auto, (max-width: 207px) 100vw, 207px\" \/><\/a><\/p>\n<p><strong><em>Tiefgr\u00fcndiger Buchbeginn<\/em><\/strong>:<br \/>\nIch hatte immer ein\u00a0tiefes Vertrauen in\u00a0unsere F\u00e4higkeit,<br \/>\ndie\u00a0Kontrolle \u00fcber unseren\u00a0K\u00f6rper und unser\u00a0Leben zu \u00fcbernehmen.<br \/>\nIch habe jeden Tag\u00a0Patienten behandelt,\u00a0die\u00a0Gesundheit, Vitalit\u00e4t<br \/>\nund Freude in ihrem\u00a0Leben entdeckten,\u00a0in\u00a0dem sie die Art und\u00a0Weise<br \/>\nver\u00e4nderten, wie sie sich <strong>ern\u00e4hrten<\/strong>,\u00a0welche <strong>Nahrungs-<\/strong><br \/>\n<strong>erg\u00e4nzungsmittel<\/strong>\u00a0sie\u00a0einnahmen und wie sie\u00a0sich <strong>bewegten<br \/>\n<\/strong>(Dr. Peter D&#8217;Adamo Direktor des <em>Center of Excellence in Generative Medicine)<\/em><\/p>\n<p><a href=\"https:\/\/geno-typing.ch\/wordpress\/wp-content\/uploads\/2018\/11\/Werbung-1.pdf\">Typing-Werbung 1<\/a><\/p>\n<p><a href=\"https:\/\/geno-typing.ch\/wordpress\/wp-content\/uploads\/2018\/11\/Werbung-2.pdf\">Typing-Werbung 2<\/a><\/p>\n","protected":false},"excerpt":{"rendered":"<p>Deutsche Erstausgabe von Ver\u00e4ndere Dein genetisches Schicksal Ab sofort im Buchhandel und bei Therapeuten erh\u00e4ltlich Tiefgr\u00fcndiger Buchbeginn: Ich hatte immer ein\u00a0tiefes Vertrauen in\u00a0unsere F\u00e4higkeit, die\u00a0Kontrolle \u00fcber unseren\u00a0K\u00f6rper und unser\u00a0Leben zu \u00fcbernehmen. Ich habe jeden Tag\u00a0Patienten behandelt,\u00a0die\u00a0Gesundheit, Vitalit\u00e4t und Freude in ihrem\u00a0Leben entdeckten,\u00a0in\u00a0dem sie die Art und\u00a0Weise ver\u00e4nderten, wie sie sich ern\u00e4hrten,\u00a0welche Nahrungs- erg\u00e4nzungsmittel\u00a0sie\u00a0einnahmen und wie &hellip; <a href=\"https:\/\/geno-typing.ch\/wordpress\/index.php\/buecher\/\" class=\"more-link\"><span class=\"screen-reader-text\">B\u00fccher<\/span> weiterlesen <span class=\"meta-nav\">&rarr;<\/span><\/a><\/p>\n","protected":false},"author":1,"featured_media":0,"parent":0,"menu_order":0,"comment_status":"closed","ping_status":"closed","template":"","meta":{"footnotes":""},"class_list":["post-160","page","type-page","status-publish","hentry"],"_links":{"self":[{"href":"https:\/\/geno-typing.ch\/wordpress\/index.php\/wp-json\/wp\/v2\/pages\/160","targetHints":{"allow":["GET"]}}],"collection":[{"href":"https:\/\/geno-typing.ch\/wordpress\/index.php\/wp-json\/wp\/v2\/pages"}],"about":[{"href":"https:\/\/geno-typing.ch\/wordpress\/index.php\/wp-json\/wp\/v2\/types\/page"}],"author":[{"embeddable":true,"href":"https:\/\/geno-typing.ch\/wordpress\/index.php\/wp-json\/wp\/v2\/users\/1"}],"replies":[{"embeddable":true,"href":"https:\/\/geno-typing.ch\/wordpress\/index.php\/wp-json\/wp\/v2\/comments?post=160"}],"version-history":[{"count":8,"href":"https:\/\/geno-typing.ch\/wordpress\/index.php\/wp-json\/wp\/v2\/pages\/160\/revisions"}],"predecessor-version":[{"id":284,"href":"https:\/\/geno-typing.ch\/wordpress\/index.php\/wp-json\/wp\/v2\/pages\/160\/revisions\/284"}],"wp:attachment":[{"href":"https:\/\/geno-typing.ch\/wordpress\/index.php\/wp-json\/wp\/v2\/media?parent=160"}],"curies":[{"name":"wp","href":"https:\/\/api.w.org\/{rel}","templated":true}]}}