{"id":34,"date":"2015-07-13T13:14:39","date_gmt":"2015-07-13T13:14:39","guid":{"rendered":"http:\/\/geno-typing.ch\/wordpress\/?page_id=34"},"modified":"2026-03-01T21:46:59","modified_gmt":"2026-03-01T20:46:59","slug":"adressen-und-angaben-uber-therapeuten-die-das-geno-typing-durchfuhren","status":"publish","type":"page","link":"https:\/\/geno-typing.ch\/wordpress\/index.php\/adressen-und-angaben-uber-therapeuten-die-das-geno-typing-durchfuhren\/","title":{"rendered":"Therapeuten"},"content":{"rendered":"<p><strong>Adressen und Angaben \u00fcber Therapeuten die das Geno-Typing durchf\u00fchren<br \/>\n<\/strong>Therapeuten die im Deutschsprachigen Gebiet mit dem <a href=\"https:\/\/geno-typing.ch\/wordpress\/index.php\/definition\/\">SWAMI<\/a> Geno-Typing vertraut sind und den genetischen pers\u00f6nlichen Stoffwechsel Typen, &#8211; <strong>Ihr GenoTyp<\/strong> &#8211; festlegen k\u00f6nnen. Es gibt <strong>6 GenoTypen<\/strong> aber so viele Variationen wie es Menschen gibt\u00a0\u00a0<strong><br \/>\n<\/strong><\/p>\n<p><strong>CH-Herisau MD IfHI Karl B. Rietmann CH-9100 Herisau<br \/>\n<\/strong>Interview: <strong>Typgerechte Ern\u00e4hrung \u2013 <a href=\"https:\/\/geno-typing.ch\/filme\/TimeToDo.ch%20vom%2019.06.2013,%20Typgerechte%20Ern%c3%a4hrung%20-%20gl%c3%bcckliches%20Leben%20-%20timetodotv%20(480p,%20h264).mp4\">Gl\u00fcckliches Leben <\/a><\/strong>(timetodo 2013)<br \/>\nInterview: <strong><a href=\"https:\/\/geno-typing.ch\/filme\/Vitalit%c3%a4t%20bis%20ins%20hohe%20Alter,%20TimeToDo.ch%2003.11.2014%20-%20timetodotv%20(480p,%20h264).mp4\">Vitalit\u00e4t<\/a> bis ins hohe Alter <\/strong>(timetodo 2014)<br \/>\nInterview: <strong>Was ist Geno-Typing\u00a0 \u00a0Krankheiten auf <a href=\"https:\/\/geno-typing.ch\/filme\/Was%20ist%20Geno-Typing%20Krankheiten%20auf%20einfache%20Art%20vorbeugen%20-%20TTD%20vom%2027.04.2018%20-%20timetodotv%20(1080p,%20h264).mp4\">einfache Art vorbeugen<\/a><\/strong>? (timetodo 2018)<\/p>\n<p><strong>Deutschland<\/strong><\/p>\n<p>Ilona Reihl<br \/>\nSWAMI Geno-Typing<br \/>\nLengenfelder Str. 28<br \/>\n08064 Zwickau<br \/>\nTel. +49(0)375 784468<br \/>\n<a href=\"mailto:ilona.reihl@web.de\">ilona.reihl@web.de<\/a><\/p>\n<p>Medical Beauty<br \/>\nRena Kuban FlfHI*<br \/>\nSWAMI Geno-Typing<br \/>\nLappenbergsallee 10<br \/>\n20257 Hamburg<br \/>\nTel. +49 (0)40 406553<br \/>\nWats app 01715323044<br \/>\n<a href=\"mailto:upali@gmx.net\">upali@gmx.net<br \/>\n<\/a><a href=\"http:\/\/www.rena-kuban.de\">www.rena-kuban.de<br \/>\n<\/a><\/p>\n<p>Susanne Adolfs<br \/>\nSWAMI Geno-Typing<br \/>\nHenkenheide 36 B<br \/>\n40724 Hilden\/D\u00fcsseldorf<br \/>\nTel. +49 (0)2103 242007<br \/>\n<a href=\"mailto:info@focus-mensch-hilden.de\">info@focus-mensch-hilden.de<\/a><br \/>\n<a href=\"http:\/\/www.focus-mensch-hilden.de\">www.focus-mensch-hilden.de<\/a><\/p>\n<p>Roya S. Sastre<br \/>\nGanzheitliches Gesundheits- und Ern\u00e4hrungscoaching<br \/>\nLow Carb &#8211; LCHF &#8211; Keto,\u00a0Migr\u00e4nepr\u00e4vention<br \/>\nSWAMI Geno-Typing<br \/>\nB\u00f6ttgerstra\u00dfe 7<br \/>\n60389 Frankfurt a.M.<br \/>\nT +49 176 20 496 971<br \/>\n<a href=\"mailto:info@sastrasana.com\">info@sastrasana.com<\/a><br \/>\n<a href=\"http:\/\/www.sastrasana.com\">www.sastrasana.com<\/a><\/p>\n<p>Heilpraktikerin<br \/>\nAnette L\u00f6w<br \/>\nSWAMI Geno-Typing<br \/>\nAm Silberberg 11<br \/>\n69256\u00a0 Mauer<br \/>\nTel. +49 (0)6226 8296<br \/>\n<a href=\"mailto:anette.loew@gmail.com\">anette.loew@gmail.com<\/a><\/p>\n<p>Isabella Gro\u00df-Dietzel, FIFHI<br \/>\nNaturheilkundeberaterin DNB\u00ae<br \/>\nGanzheitliche Haltungsgesundheit,<br \/>\nBlutgruppen- und GenoTyp Ern\u00e4hrung<br \/>\nSodener Str. 45<br \/>\n63743\u00a0Aschaffenburg<br \/>\nTel. +49(0)1575 1913009<br \/>\n<a href=\"mailto:isa-gross@gmx.de\">isa-gross@gmx.de<\/a><br \/>\n<a href=\"http:\/\/www.4Blutgruppen-iss-was-du-bist.de\">www.4Blutgruppen-iss-was-du-bist.de<\/a><\/p>\n<p>Naturheilpraxis<br \/>\nAnne Ludwig<br \/>\nAlte Dieburgerstrasse 16b<br \/>\n64380 Rossdorf<br \/>\nTel. 149 (0)6154-608794<br \/>\n<a href=\"mailto:con.medici@googlemail.com\">con.medici@googlemail.com<\/a><\/p>\n<p>Silvia Neumann, FIfHI<br \/>\nBeethofenstr, 1a<br \/>\n67240 Bobenheim-Roxheim<br \/>\nTel. +49 (0)163-639 18 21<br \/>\n<a href=\"mailto:silvi-neumann@gmx.net\">silvi-neumann@gmx.net<\/a><br \/>\nInterview: <strong><a href=\"https:\/\/www.youtube.com\/watch?v=i2K9uN7fc2M&amp;list=PLgEZwpJlCzxoCgIbcM4OuvBLAy3yQ4i3S&amp;index=2&amp;t=1103s\">4 Blutgruppen<\/a> und Genotypisierung<\/strong> <strong><a href=\"https:\/\/geno-typing.ch\/filme\/TimeToDo.ch%20vom%2019.06.2013,%20Typgerechte%20Ern%c3%a4hrung%20-%20gl%c3%bcckliches%20Leben%20-%20timetodotv%20(480p,%20h264).mp4\">\u00a0<\/a><\/strong>(timetodo 2013)<br \/>\nInterview: <strong>Durch die Genotypisierung zum <a href=\"https:\/\/www.youtube.com\/watch?v=SELU-KZLP-k&amp;list=PLgEZwpJlCzxoCgIbcM4OuvBLAy3yQ4i3S&amp;index=4&amp;t=2767s\">Wohlbefinden<\/a> <a href=\"https:\/\/geno-typing.ch\/filme\/TimeToDo.ch%20vom%2019.06.2013,%20Typgerechte%20Ern%c3%a4hrung%20-%20gl%c3%bcckliches%20Leben%20-%20timetodotv%20(480p,%20h264).mp4\">\u00a0<\/a><\/strong>(timetodo 2014)<\/p>\n<p>Michael G\u00f6hner<br \/>\nOPTIMALE Ern\u00e4hrung &amp; Gesundheit<br \/>\nNeckarstra\u00dfe\u00a030<br \/>\n68519\u00a0Viernheim<br \/>\nTel. +49 (0)6204-3059114<br \/>\n<a href=\"mailto:wohlbefinden@clever.ms\">wohlbefinden@clever.ms<\/a><\/p>\n<p>RABS-MedTec Praxisbedarf &amp; RABS Verlag<br \/>\nInh. Birgit Stegmaier<br \/>\nPraxisberatung, SWAMI Geno-Typing, Hanfprodukte C.F.T.<br \/>\n88718 Daisendorf\u00a0 \u00a0 Baitenhauser Stra\u00dfe 5 A<br \/>\nMobile B\u00fcroNr. +49 (0)152 \u2013 29 22 23 78<br \/>\nEmail:\u00a0\u00a0<a href=\"mailto:info@geno-4typ.de\">info@geno-4typ.de<\/a><\/p>\n<p>Eva Martha Jung, FIfHI*<br \/>\nEnten\u00e4cker 25<br \/>\n74321 Bietigheim-Bissingen<br \/>\nTel. +49 (0)7142 774155<br \/>\n<a href=\"mailto:hinterblick@yahoo.de\">hinterblick@yahoo.de<\/a><\/p>\n<p>Martina Oelschl\u00e4ger<br \/>\nNaturheilkundeberaterin DNB<br \/>\nBlutgruppen &amp; SWAMI Geno-Typing<br \/>\nBeraterin in Biochemie nach Dr. Sch\u00fcsseler<br \/>\n75181 Pforzheim,\u00a0\u00a0Steigerstr. 9<br \/>\nTel. +49 (0) 7231 6015583<br \/>\n<a href=\"mailto:martina@blutgruppen-ernaehrung.de\">martina@blutgruppen-ernaehrung.de<\/a><br \/>\n<a href=\"https:\/\/blutgruppen-ernaehrung.de\/\">www.blutgruppen-ernaehrung.de\u00a0\u00a0\u00a0\u00a0\u00a0<\/a><\/p>\n<p>Naturheilpraxis<br \/>\nStefanie Siebinger, Heilpraktikerin, FIfHI*<br \/>\nSWAMI Geno-Typing<br \/>\nAdelsbergstra\u00dfe 10 a<br \/>\n81247 M\u00fcnchen<br \/>\nTel. +49 (0)89 800 32 111<br \/>\n<a href=\"mailto:stefanie.siebinger@gmx.de\">stefanie.siebinger@gmx.de<\/a><br \/>\n<a href=\"https:\/\/praxis-siebinger.de\/\">www.praxis-siebinger.de\u00a0<\/a><br \/>\nInterview: <strong>Genotypisierung der Weg zur <a href=\"https:\/\/www.youtube.com\/watch?v=iiX7UMJIHgk&amp;list=PLgEZwpJlCzxoCgIbcM4OuvBLAy3yQ4i3S&amp;index=1&amp;t=952s\">Gesundheit<\/a> <\/strong>(timetodo 2013)<\/p>\n<p>Michael Gillitz<br \/>\nSWAMI Geno-Typing<br \/>\nLindenstra\u00dfe 17<br \/>\n83395 Freilassing<br \/>\nTel.: +49 (0)176 66667587<br \/>\n<a href=\"mailto:michael.gillitz@icloud.com\">michael.gillitz@icloud.com<\/a><\/p>\n<p>Elke Neudeck<br \/>\nGesundheitsberatung und energetisches Heilen<br \/>\nSWAMI- Geno-Typing<br \/>\nDorfstrasse 68<br \/>\n89362 Offingen<br \/>\nTel. +49 (0) 8224 966 25 56<br \/>\nMobil +49 176 51814810<br \/>\n<a href=\"mailto:eneudeck@theta-heilwege.de\">eneudeck@theta-heilwege.de<\/a><\/p>\n<p>Rosemarie Wagner, Kosmetik- und Fu\u00dfpflegepraxis<br \/>\nKreutzerstra\u00dfe 45<br \/>\n90439 N\u00fcrnberg<br \/>\nTel. +49 (0)911 6589896<br \/>\n<a href=\"mailto:rosemarie10@gmx.net\">rosemarie10@gmx.net<\/a><\/p>\n<p>Antje Haase<br \/>\nHeilpraktikerin-Physiotherapeutin<strong><br \/>\n<\/strong>Espanpark 26<br \/>\n90559 Burgthann<br \/>\nTel. +49 (0)9188-903890<br \/>\n<a href=\"mailto:info@antje-haase.de\">info@antje-haase.de<\/a><\/p>\n<p>Valina Tabor<br \/>\nGesundheitsberaterin (IHK), IFAO Dozentin<br \/>\nVitalstoffberaterin, med.gepr. Fastenleiterin<br \/>\nSWAMI Geno-Typing<br \/>\nAlexanderstr. 7<br \/>\n91126\u00a0Schwabach<br \/>\nTel. +49 (0)171 8260684<br \/>\n<a href=\"mailto:info@valina-tabor.de\">info@valina-tabor.de<\/a><br \/>\n<a href=\"http:\/\/www.valina-tabor.de\">www.valina-tabor.de<\/a><\/p>\n<p>Christof Frankl, FIfHI*, Radionik-Therapeut<br \/>\nHerrenstra\u00dfe 38<br \/>\n93354 Siegenburg<br \/>\nTel. +49 (0)9444 97 26 28<br \/>\n<a href=\"mailto:info@meinenergetiker.de\">info@meinenergetiker.de<\/a><\/p>\n<p><strong>\u00d6sterreich<\/strong><\/p>\n<p>Dr. Cecilia Deri<br \/>\nFacharzt f\u00fcr An\u00e4sthesiologie und Intensivmedizin<br \/>\nSWAMI Geno-Typing<br \/>\nWassergasse 22-26<br \/>\n2500 Baden<br \/>\nTel. +43 (0)2252\u00a0 21600<br \/>\n<a href=\"mailto:c.deri@kabsi.at\">c.deri@kabsi.at<\/a><br \/>\n<a href=\"https:\/\/ceciliaderi.at\/\">www.ceciliaderi.at<\/a><\/p>\n<p>Gertraud Pabst, FIfHI<br \/>\nH\u00f6henberg 1<br \/>\n3254 Bergland<br \/>\n+43 (0)664 621 49 46<br \/>\n<a href=\"mailto:gertraud.pabst@aon.at\">gertraud.pabst@aon.at<\/a><br \/>\n<a href=\"https:\/\/www.psychotherapie-pabst.at\/\">www.psychotherapie-pabst.at<\/a><\/p>\n<p>Elisabeth Walter<br \/>\nScharagraben 1<br \/>\n3383 H\u00fcrm<br \/>\nTel. +43 (0)676 910 88 27<br \/>\n<a href=\"mailto:elisabeth_walter@gmx.at\">elisabeth_walter@gmx.at<\/a><\/p>\n<p>Anna Wallner<br \/>\nSWAMI Geno-Typing<br \/>\nL. Angengruberstr. 34<br \/>\n4540 Bad Hall<br \/>\nTel. +43 (0)699 173 811 50<br \/>\n<a href=\"mailto:praxiswallner@me.com\">praxiswallner@me.com<\/a><\/p>\n<p><strong>Schweden<\/strong><\/p>\n<div class=\"n4sEPd\">\n<div class=\"QFw9Te BLojaf\"><span style=\"font-size: revert;\">Gabriele Ottosson,<\/span><\/div>\n<div class=\"FFpbKc\">\n<div class=\"xMmqsf\">\n<div class=\"r375lc\">\n<div class=\"aJIq1d\" dir=\"ltr\" data-language-code=\"en\" data-language-name=\"Englisch\" data-text=\"undefined\" data-crosslingual-hint=\"undefined\" data-location=\"1\" data-enable-toggle-playback-speed=\"true\">\n<div class=\"m0Qfkd\">\n<div class=\"VfPpkd-Bz112c-RLmnJb\">\n<p>SWAMI Geno-Typing<br \/>\nSkolgatan\u00a021 G,<br \/>\nSE-26831 Sval\u00f6v, Sverige<br \/>\nTel: 0046 722 531 844<br \/>\n<a href=\"mailto:gabriele@focus-on-change.se\">gabriele@focus-on-change.se<\/a><br \/>\n<a href=\"http:\/\/focus-on-change.com\/om-webbplatsen\/\">http:\/\/focus-on-change.com\/<\/a><\/p>\n<\/div>\n<div id=\"ucc-10\" class=\"EY8ABd-OWXEXe-TAWMXe\" role=\"tooltip\" aria-hidden=\"true\"><strong style=\"font-size: revert;\">Schweiz<\/strong><\/div>\n<div role=\"tooltip\" aria-hidden=\"true\"><\/div>\n<\/div>\n<\/div>\n<\/div>\n<\/div>\n<\/div>\n<\/div>\n<p>Individualisierte Ern\u00e4hrungstherapie<br \/>\nSWAMI Geno-Typing<br \/>\nGisela Kaiser<br \/>\nDrogistin<br \/>\nAm Feutschenbach 12<br \/>\n9542 <u>M\u00fcnchwilen<\/u><br \/>\nTel. +41 (0) 78 825 10 77<br \/>\n<a href=\"mailto:gisi.kaiser@bluewin.ch\">gisi.kaiser@bluewin.ch<\/a><\/p>\n<p>Anita Schneider<br \/>\nDipl Naturheilpraktikerin TEN<br \/>\nDipl. Ern\u00e4hrungstherapeutin und<br \/>\nSWAMI Geno-Typing<br \/>\nLooweg 3a<br \/>\n9463 Oberriet<br \/>\nTel. 071 761 30 82<br \/>\n<a href=\"mailto:anita.schneider@bluewin.ch\">anita.schneider@bluewin.ch<\/a><\/p>\n<p>Francine Jakob<br \/>\nGesundheitspraxis Vitalia<br \/>\nSWAMI Geno-Typing<br \/>\nHuebstrasse 5a<br \/>\nCH-9443 Widnau<br \/>\nTel. +41 71 722 36 36<br \/>\n<a href=\"mailto:francine.jakob@praxis-vitalia.ch\">francine.jakob@catv.rol.ch<\/a><\/p>\n<p>Iris Schrepfer<br \/>\nKant. Appr. Heilpraktikerin<br \/>\nSWAMI Geno-Typing<br \/>\nGesundheitspraxis Iris Schrepfer<br \/>\nR\u00e4msen 488<br \/>\n9063 <u>Stein AR<\/u><br \/>\nTel. +41 (0) 76 328 08 29<br \/>\n<a href=\"mailto:info@irisschrepfer.ch\">info@irisschrepfer.ch<\/a><br \/>\n<a href=\"http:\/\/www.irisschrepfer.ch\">www.irisschrepfer.ch<\/a><\/p>\n<p>Mirjam Lieberherr<br \/>\nSpiralVital<br \/>\nGanzheitliche Ern\u00e4hrungstherapie<br \/>\nSWAMI Geno-Typing<br \/>\n9043 <u>Trogen AR<br \/>\n<\/u>Tel. +41 (0) 78 768 19 12<br \/>\n<a href=\"mailto:info@spiralvital.ch\">info@spiralvital.ch<\/a><br \/>\n<a href=\"http:\/\/www.spiralvital.ch\">www.spiralvital.ch<\/a><\/p>\n<p>Karl B. Rietmann, MD IfHI<br \/>\nNutriGenomics\/Epigenetics<br \/>\nSWAMI Geno-Typing und <strong>Seminare<\/strong><br \/>\nAlte Steig 10<br \/>\n9100 Herisau<br \/>\nTel. +41 (0)71 351 2339<br \/>\n<a href=\"mailto:karl.rietmann@bluewin.ch\">karl.rietmann@bluewin.ch<\/a><br \/>\n<a href=\"http:\/\/www.geno-typing.ch\">www.geno-typing.ch <\/a><\/p>\n<p>Erwin Buff<br \/>\ndipl. Kinesiologe\/Coach IKH, Cert. Master Life and Business Coach<br \/>\nSWAMI Geno-Typing<br \/>\nAlte Bahnhofstrasse 3<br \/>\n9100 Herisau<br \/>\nTel. +41 (0)79 960 71 91<br \/>\n<a href=\"mailto:buff.erwin@bluewin.ch\">buff.erwin@bluewin.ch<\/a> \u00a0<a href=\"http:\/\/ifpg.ch\/\"><br \/>\nhttp:\/\/ifpg.ch<\/a><\/p>\n<p>Iris Schrepfer<br \/>\nHeilpraktikerin und SWAMI Geno-Typing<br \/>\nHotel Hof Weissbad AG<br \/>\nIm Park 1<br \/>\n9057 Weissbad<br \/>\nTel. +41 (0) 71 798 85 02<br \/>\n<a href=\"mailto:i.schrepfer@hofweissbad.ch\">i.schrepfer@hofweissbad.ch<\/a><\/p>\n<p>Myriam Sch\u00e4fer<br \/>\nSWAMI Geno-Typing<br \/>\nNaturheilpraxis<br \/>\nZelgrankstrasse 10<br \/>\n8964 <u>Rudolfstetten<\/u><strong><u><br \/>\n<\/u><\/strong>+41 (0) 56 631 77 15<br \/>\n+41 (0) 76 582 77 15<br \/>\n<a href=\"mailto:myriam.schaefer@sunrise.ch\">myriam.schaefer@sunrise.ch<\/a><\/p>\n<p>Sonja Borner<br \/>\nSWAMI Geno-Typing<br \/>\nConcepteve GmbH<br \/>\nDorfstrasse 23<br \/>\n8906\u00a0<u>Bonstetten<br \/>\n<\/u>Tel. +41 (0)79 121 15 55<br \/>\n<a href=\"mailto:mail@sonjaborner.ch\">mail@sonjaborner.ch\u00a0\u00a0<\/a><br \/>\n<a href=\"http:\/\/www.sonjaborner.ch\/\">www.sonjaborner.ch<\/a><\/p>\n<p>NatUrsache<br \/>\nSara Kohout<br \/>\nSWAMI Geno-Typing<br \/>\nD\u00f6rfli 1370<br \/>\n8878\u00a0<u>Quinten<br \/>\n<\/u>Tel. +41 (0) 77 213 06 92<br \/>\n<a href=\"mailto:contact@natursache.ch\">contact@natursache.ch<\/a><br \/>\n<a href=\"http:\/\/www.natursache.ch\/\">www.natursache.ch<\/a><\/p>\n<p>Nicole Guido<br \/>\nErn\u00e4hrungstherapeutin<br \/>\nSWAMI Geno-Typing NHK<br \/>\nSch\u00f6nhaldenstrasse 43<br \/>\n8708 <u>M\u00e4nnedorf<br \/>\n<\/u>Tel. +41 (0)79 \/ 608 72 69<br \/>\n<a href=\"mailto:nicole.guido@gmx.net\">nicole.guido@gmx.net<\/a><\/p>\n<p>Corinna Eggerling<br \/>\nSWAMI Geno-Typing<br \/>\nOmnisana, Gesundheit und<br \/>\nErn\u00e4hrung Eggerling<br \/>\n\u00dcberlandstrasse \u00a0105<br \/>\n8600 <u>D\u00fcbendorf<br \/>\n<\/u>Tel.+41 (0) 76 494 60 60<br \/>\n<a href=\"mailto:info@omnisana.ch\">info@omnisana.ch<\/a><br \/>\n<a href=\"http:\/\/www.omnisana.ch\">www.omnisana.ch<\/a><\/p>\n<p>Agnes Stroppa<br \/>\nSWAMI Geno-Typing und<br \/>\nIndividualisierte Ern\u00e4hrungstherapie<br \/>\nDrogistin EFZ<br \/>\nBrunnenweg 1<br \/>\n8471 <u>Oberwil (D\u00e4gerlen) ZH<br \/>\n<\/u>Tel: +41 (0) 79 611 78 37<br \/>\n<a href=\"mailto:agnes.stroppa@etik.com\">agnes.stroppa@etik.com<\/a><\/p>\n<p>SWAMI-Ern\u00e4hrungsspezialistin<br \/>\nMaja Wildi<br \/>\nim M\u00fclichram<br \/>\n8344 B\u00e4retswil<br \/>\nTel. +41 (0) 76 470 19 19<br \/>\n<a href=\"mailto:maja.wildi@gmail.com\">maja.wildi@gmail.com<\/a><\/p>\n<p>Corinne Zollinger<br \/>\nSWAMI Geno-Typing<br \/>\nDipl. Ern\u00e4hrungsberaterin<br \/>\nIn der Katzensteig 7<br \/>\n8405\u00a0<u>Winterthur<br \/>\n<\/u>Tel.+41 (0)79 775 98 34<br \/>\n<a href=\"mailto:corinne.a.zollinger@gmail.com\">corinne.a.zollinger@gmail.com<\/a><br \/>\n<a href=\"http:\/\/www.heilart.ch\/\">www.heilart.ch<\/a><\/p>\n<p>Claudia Ruf<br \/>\nSWAMI Geno-Typing<br \/>\nCLASANA Gesundheitspraxis<br \/>\nFeldstrasse 80<br \/>\n8180 <u>B\u00fclach<br \/>\n<\/u>+41 (0) 44 862 40 09<br \/>\n<a href=\"mailto:claudia@rufwerbung.ch\">claudia@rufwerbung.ch\u00a0\u00a0<\/a><br \/>\n<a href=\"http:\/\/www.clasana.ch\/\">www.clasana.ch <\/a><\/p>\n<p>Isa M. Albrecht MIfHI<br \/>\nGesundheitsberatung<br \/>\nOrthomed-NutriGenomics<br \/>\nBTD nach Prof. Dr. P D\u2019Adamo<br \/>\nZ\u00fcrichstrasse 83<br \/>\n8118 Pfaffhausen<br \/>\nTel. +41 (0)44 980 04 22<br \/>\n<a href=\"mailto:imal@ggaweb.ch\">imal@ggaweb.ch<\/a><\/p>\n<p>Nicole Bernet Oppermann<br \/>\nAngelfood GmbH,<br \/>\nSWAMI Geno-Typing<br \/>\nc\/o Praxis Dr. med. Amalia Kerl-Skurka<br \/>\nBirmensdorferstrasse 393<br \/>\n8055 <u>Z\u00fcrich<br \/>\n<\/u>Tel. +41 (0)79 929 58 43<br \/>\n<a href=\"mailto:bernet@angelfood.ch\">bernet@angelfood.ch<\/a><br \/>\n<a href=\"http:\/\/www.angelfood.ch\">www.angelfood.ch<\/a><\/p>\n<p>Sybille Binder<br \/>\nSWAMI Geno-Typing<br \/>\nClinic Utoquai<br \/>\nUtoquai 41<br \/>\n8008 Z\u00fcrich<br \/>\n+41 (0)44 260 68 68<br \/>\n<a href=\"mailto:s.binder@clinicutoquai.ch\">s.binder@clinicutoquai.ch<\/a><\/p>\n<p>Sybille Binder<br \/>\nDipl. Ern\u00e4hrungsberaterin FH,<br \/>\nDipl. Vitalstofftherapeutin FEOS<br \/>\nNHK Institut f\u00fcr integrative Naturheilkunde\u00a0\u00a0<strong><br \/>\n<\/strong>Milit\u00e4rstrasse 90<br \/>\n8004 Z\u00fcrich<br \/>\nTel. +41 (0)43 268 07 83<br \/>\n<a href=\"mailto:sybille.binder@nhk.ch\">sybille.binder@nhk.ch<\/a> <a href=\"http:\/\/www.nhk.ch\/\">www.nhk.ch<\/a><\/p>\n<p>Laura Koch<br \/>\nErn\u00e4hrungsberaterin BSc BFH<br \/>\nUNIKUM NUTRITION<br \/>\nSWAMI Geno-Typing und <strong>Seminare<br \/>\n<\/strong>Ern\u00e4hrungsberatung Laura Koch<br \/>\nc\/o NHK Institut Health Hub<br \/>\nMilit\u00e4rstrasse 90<br \/>\n8004 Z\u00fcrich<br \/>\nTel. +41 (0)43 588 10 76<br \/>\n<a href=\"mailto:koch@unnu.ch\">koch@unnu.ch<\/a><br \/>\n<a href=\"http:\/\/www.unnu.ch\">www.unnu.ch<\/a><\/p>\n<p>SIHLMED Zentrum f\u00fcr Integrative Medizin<br \/>\nDijana Petkovic Ern\u00e4hrungstherapeutin<br \/>\nMedizinische Praxisassistentin EFZ<br \/>\nSWAMI Geno-Typing<br \/>\nBadenerstrasse 333<br \/>\n8003 <u>Z\u00fcrich<br \/>\n<\/u>Tel. +41 (0)43 321 11 11<br \/>\n<a href=\"mailto:dijana.petkovic@sihlmed.ch\">dijana.petkovic@sihlmed.ch<\/a><br \/>\n<a href=\"http:\/\/www.sihlmed.ch\">www.sihlmed.ch<\/a><\/p>\n<p>Karin Then<br \/>\nNaturheilpraktikerin\u00a0 TEN<br \/>\nSWAMI Geno-Typing<br \/>\n8001 Z\u00fcrich<br \/>\nTel. +41(0)79 472 73 54<br \/>\n<a href=\"mailto:kathen@gmx.ch\">kathen@gmx.ch\u00a0\u00a0<\/a><br \/>\n<a href=\"http:\/\/www.tenbythen.ch\">www.tenbythen.ch<\/a><\/p>\n<p>Patricia Wyss<br \/>\nDipl Akupunkteurin,TCM Di\u00e4tistin, Herbalistin, FIfHI<br \/>\nSWAMI Geno-Typing<br \/>\nVia San Gottardo 25<br \/>\n6943 Vezia<br \/>\nTel. +41 (0)91 967 40 90<br \/>\n<a href=\"mailto:acuwyss@bluewin.ch\">acuwyss@bluewin.ch<\/a><\/p>\n<p>Joy Wyler<br \/>\nDipl. CranioSacral-Therapeutin<br \/>\nSWAMI Geno-Typing<br \/>\nImfangstr.1<br \/>\n6005\u00a0<u>Luzern<br \/>\n<\/u>Tel. +41 (0)41 210 31 52<br \/>\n<a href=\"mailto:joy.wyler@gmx.ch\">joy.wyler@gmx.ch<\/a><br \/>\n<a href=\"http:\/\/www.koerper-werkstatt.ch\/\">http:\/\/www.koerper-werkstatt.ch<\/a><\/p>\n<p>Herzpunkt Naturheilpraxis<br \/>\nMartina Reimann<br \/>\neidg. dipl. Naturheilpraktikerin TCM<br \/>\nSWAMI Geno-Typing<br \/>\nKirchenfeldstrasse 6<br \/>\n5630 <u>Muri<br \/>\n<\/u>Tel. +41 (0)56 664 8819<br \/>\n<a href=\"mailto:kontakt@herzpunkt-praxis.ch\">kontakt@herzpunkt-praxis.ch<\/a><br \/>\n<a href=\"http:\/\/www.herzpunkt-praxis.ch\/\">www.herzpunkt-praxis.ch<\/a><\/p>\n<p>Monika N\u00e4f<br \/>\nSWAMI Geno-Typing<br \/>\nPraxis Heilkunst<br \/>\nMetzgergasse 4<br \/>\n5000\u00a0<u>Aarau<br \/>\n<\/u>Tel.+41 (0)79 713 79 31<br \/>\n<a href=\"mailto:man@praxis-heilkunst.ch\">mn@praxis-heilkunst.ch<\/a><br \/>\n<a href=\"http:\/\/www.praxis-heilkunst.ch\/\">www.praxis-heilkunst.ch<\/a><\/p>\n<p>Uwe Dinger<br \/>\nSWAMI Geno-Typing<br \/>\nRebgasse 46<br \/>\n4058 <u>Basel<\/u><br \/>\nTel. +41 (0)61 691 25 23<br \/>\n<a href=\"mailto:info@uwe-dinger.ch\">info@uwe-dinger.ch<\/a><br \/>\n<a href=\"http:\/\/www.uwe-dinger.ch\">www.uwe-dinger.ch<\/a><\/p>\n<p>Helene Alge<br \/>\nNaturheilkunde TEN<br \/>\nSWAMI Geno-Typing<br \/>\nMalzgasse 25<br \/>\n4052 <u>Basel<\/u><br \/>\n+41(0)76 207 75 66<br \/>\n<a href=\"mailto:gesundheit@nhk-alge.ch\">gesundheit@nhk-alge.ch<\/a><br \/>\n<a href=\"http:\/\/www.nhk-alge.com\">www.nhk-alge.com<\/a><\/p>\n","protected":false},"excerpt":{"rendered":"<p>Adressen und Angaben \u00fcber Therapeuten die das Geno-Typing durchf\u00fchren Therapeuten die im Deutschsprachigen Gebiet mit dem SWAMI Geno-Typing vertraut sind und den genetischen pers\u00f6nlichen Stoffwechsel Typen, &#8211; Ihr GenoTyp &#8211; festlegen k\u00f6nnen. Es gibt 6 GenoTypen aber so viele Variationen wie es Menschen gibt\u00a0\u00a0 CH-Herisau MD IfHI Karl B. Rietmann CH-9100 Herisau Interview: Typgerechte Ern\u00e4hrung &hellip; <a href=\"https:\/\/geno-typing.ch\/wordpress\/index.php\/adressen-und-angaben-uber-therapeuten-die-das-geno-typing-durchfuhren\/\" class=\"more-link\"><span class=\"screen-reader-text\">Therapeuten<\/span> weiterlesen <span class=\"meta-nav\">&rarr;<\/span><\/a><\/p>\n","protected":false},"author":1,"featured_media":0,"parent":0,"menu_order":2,"comment_status":"closed","ping_status":"closed","template":"","meta":{"footnotes":""},"class_list":["post-34","page","type-page","status-publish","hentry"],"_links":{"self":[{"href":"https:\/\/geno-typing.ch\/wordpress\/index.php\/wp-json\/wp\/v2\/pages\/34","targetHints":{"allow":["GET"]}}],"collection":[{"href":"https:\/\/geno-typing.ch\/wordpress\/index.php\/wp-json\/wp\/v2\/pages"}],"about":[{"href":"https:\/\/geno-typing.ch\/wordpress\/index.php\/wp-json\/wp\/v2\/types\/page"}],"author":[{"embeddable":true,"href":"https:\/\/geno-typing.ch\/wordpress\/index.php\/wp-json\/wp\/v2\/users\/1"}],"replies":[{"embeddable":true,"href":"https:\/\/geno-typing.ch\/wordpress\/index.php\/wp-json\/wp\/v2\/comments?post=34"}],"version-history":[{"count":143,"href":"https:\/\/geno-typing.ch\/wordpress\/index.php\/wp-json\/wp\/v2\/pages\/34\/revisions"}],"predecessor-version":[{"id":750,"href":"https:\/\/geno-typing.ch\/wordpress\/index.php\/wp-json\/wp\/v2\/pages\/34\/revisions\/750"}],"wp:attachment":[{"href":"https:\/\/geno-typing.ch\/wordpress\/index.php\/wp-json\/wp\/v2\/media?parent=34"}],"curies":[{"name":"wp","href":"https:\/\/api.w.org\/{rel}","templated":true}]}}